{"id":224,"date":"2018-05-22T14:52:30","date_gmt":"2018-05-22T14:52:30","guid":{"rendered":"https:\/\/editionbelavista.com\/?page_id=224"},"modified":"2018-05-28T12:21:45","modified_gmt":"2018-05-28T12:21:45","slug":"the-authors","status":"publish","type":"page","link":"https:\/\/editionbelavista.com\/de\/the-authors\/","title":{"rendered":"Die Autoren"},"content":{"rendered":"<p><img loading=\"lazy\" decoding=\"async\" src=\"https:\/\/editionbelavista.com\/wp-content\/uploads\/2018\/05\/Autorenfoto_Anabela_Jorge_3877-Kopie.jpg\" alt=\"\" width=\"600\" height=\"400\" \/><\/p>\n<p><b>Anabela Valente<\/b> hat nach einer ausgedehnten Weltreise eine vielversprechende Karriere in einer Kanzlei f\u00fcr Urheberrechte aufgegeben, um sich ganz ihrer Rei- seleidenschaft zu widmen. Sie ist Mitbegr\u00fcnderin des Reisemagazins diariesof, hat verschiedene Reisef\u00fchrer verfasst und vier B\u00fccher \u00fcber Kap Verde geschrieben \u2013 eines ihrer unbestrittenen Lieblingsreiseziele. <\/p>\n<p><b>Jorge Valente<\/b> ist Reisefotograf und Grafikdesigner. Die Neugier treibt ihn an und jede Reise verst\u00e4rkt diese Neugier nur noch mehr. Nach zahlreichen Reisen um die Welt hat er gemeinsam mit seiner Frau Anabela das Magazin diariesof gegr\u00fcndet. Er freut sich besonders, seine Liebe zu den kapverdischen Inseln mit den Lesern zu teilen. <\/p>\n<p>Folgen Sie den beiden online auf <a href=\"http:\/\/www.diariesofmagazine.com\" rel=\"noopener\" target=\"_blank\">www.diariesofmagazine.com<\/a>.<\/p>","protected":false},"excerpt":{"rendered":"<p>Anabela Valente hat nach einer ausgedehnten Weltreise eine vielversprechende Karriere in einer Kanzlei f\u00fcr Urheberrechte aufgegeben, um sich ganz ihrer &hellip; <a href=\"https:\/\/editionbelavista.com\/de\/the-authors\/\" class=\"more-link\">Continue reading <span class=\"screen-reader-text\">Die Autoren<\/span><\/a><\/p>\n","protected":false},"author":1,"featured_media":0,"parent":0,"menu_order":0,"comment_status":"closed","ping_status":"closed","template":"","meta":{"footnotes":""},"class_list":["post-224","page","type-page","status-publish","hentry"],"_links":{"self":[{"href":"https:\/\/editionbelavista.com\/de\/wp-json\/wp\/v2\/pages\/224","targetHints":{"allow":["GET"]}}],"collection":[{"href":"https:\/\/editionbelavista.com\/de\/wp-json\/wp\/v2\/pages"}],"about":[{"href":"https:\/\/editionbelavista.com\/de\/wp-json\/wp\/v2\/types\/page"}],"author":[{"embeddable":true,"href":"https:\/\/editionbelavista.com\/de\/wp-json\/wp\/v2\/users\/1"}],"replies":[{"embeddable":true,"href":"https:\/\/editionbelavista.com\/de\/wp-json\/wp\/v2\/comments?post=224"}],"version-history":[{"count":6,"href":"https:\/\/editionbelavista.com\/de\/wp-json\/wp\/v2\/pages\/224\/revisions"}],"predecessor-version":[{"id":237,"href":"https:\/\/editionbelavista.com\/de\/wp-json\/wp\/v2\/pages\/224\/revisions\/237"}],"wp:attachment":[{"href":"https:\/\/editionbelavista.com\/de\/wp-json\/wp\/v2\/media?parent=224"}],"curies":[{"name":"wp","href":"https:\/\/api.w.org\/{rel}","templated":true}]}}