{"id":35,"date":"2018-05-16T07:59:18","date_gmt":"2018-05-16T07:59:18","guid":{"rendered":"https:\/\/editionbelavista.com\/?page_id=35"},"modified":"2018-06-11T09:06:20","modified_gmt":"2018-06-11T09:06:20","slug":"sal","status":"publish","type":"page","link":"https:\/\/editionbelavista.com\/de\/sample-page\/sal\/","title":{"rendered":"Sal"},"content":{"rendered":"<p><img decoding=\"async\" class=\"image-cover\" src=\"https:\/\/editionbelavista.com\/wp-content\/uploads\/2018\/05\/sal_deu.jpg\" alt=\"\" \/><\/p>\n<div class=\"textarea-book\">\n<strong>Kapverden<\/strong><\/p>\n<h3>Sal<\/h3>\n<h4><strong>Die Insel der Sonnenanbeter<\/strong><\/h4>\n<p><\/br><\/p>\n<p>Autoren: <a href=\"https:\/\/editionbelavista.com\/the-authors\/\">Anabela Valente &amp; Jorge Valente<\/a><br \/>\nTaschenbuch, 15 x 21 cm,\u00a0128 Seiten,\u00a0ISBN:\u00a0978-3-86264-715-6<\/p>\n<p>Print\u00a0: 16,90 Euro<br \/>\nE-Book: 12,99 Euro<br \/>\n<a href=\"https:\/\/www.amazon.de\/Kapverden-Windsurfer-Wellenreiter-Sonnenanbeter-diariesof\/dp\/3862647153\/ref=sr_1_1?s=books&#038;ie=UTF8&#038;qid=1527591965&#038;sr=1-1&#038;keywords=9783862647156\" target=\"_blank\" rel=\"noopener\">jetzt bestellen<\/a><\/p>\n<\/div>\n<div class=\"textarea-book\">\n<ul>\n<li>Tauche ein in das pulsierende Leben auf den Stra\u00dfen von Santa Maria und entdecke den quirligen Pier mit all seinen Fischern und Fischh\u00e4ndlern<\/li>\n<li>Mache einen Segelt\u00f6rn vor der K\u00fcste von Sal, genie\u00dfe den Ausblick und beobachte Wale und Delfine<\/li>\n<li>Faulenze an einem der vielen Sandstr\u00e4nde der Insel oder reite und schwimme mit den Pferden bei Ponta do Sin\u00f3<\/li>\n<li>Beobachte aus der ersten Reihe die Surfer an der ber\u00fchmt-ber\u00fcchtigten Ponta Preta, wo sie hier gewaltige Brecher meistern<\/li>\n<li>G\u00f6nne dir ein Bad in den Salzseen im Krater von Pedra de Lume, und schwebe im salzigen Wasser<\/li>\n<li>Traue dich in der Shark Bay (Ba\u00eda da Parda) bis auf wenige Meter an lebende Haie heran, w\u00e4hrend du mit den F\u00fc\u00dfen im Wasser stehst<\/li>\n<li>Triff die Kitesurfer am Kite Beach an der Costa da Fragata und lerne von den Weltmeistern, wie man richtig kitet<\/li>\n<\/ul>\n<p><em>In diesem Buch&#8230;<\/em><\/p>\n<p><strong>11 Highlights<\/strong> f\u00fcr Ihren Aktivurlaub<\/p>\n<p><strong>110 Fotos<\/strong> die Ihre Reiselust entzu\u0308nden<\/p>\n<p><strong>128 Seiten<\/strong> mit Reiseberichten &#038; Insider-Infos<\/p>\n<p>Dein Reisef\u00fchrer aus erster Hand\n<\/p><\/div>\n<p><\/p>","protected":false},"excerpt":{"rendered":"<p>Kapverden Sal Die Insel der Sonnenanbeter Autoren: Anabela Valente &amp; Jorge Valente Taschenbuch, 15 x 21 cm,\u00a0128 Seiten,\u00a0ISBN:\u00a0978-3-86264-715-6 Print\u00a0: 16,90 &hellip; <a href=\"https:\/\/editionbelavista.com\/de\/sample-page\/sal\/\" class=\"more-link\">Continue reading <span class=\"screen-reader-text\">Sal<\/span><\/a><\/p>\n","protected":false},"author":1,"featured_media":0,"parent":2,"menu_order":1,"comment_status":"closed","ping_status":"closed","template":"","meta":{"footnotes":""},"class_list":["post-35","page","type-page","status-publish","hentry"],"_links":{"self":[{"href":"https:\/\/editionbelavista.com\/de\/wp-json\/wp\/v2\/pages\/35","targetHints":{"allow":["GET"]}}],"collection":[{"href":"https:\/\/editionbelavista.com\/de\/wp-json\/wp\/v2\/pages"}],"about":[{"href":"https:\/\/editionbelavista.com\/de\/wp-json\/wp\/v2\/types\/page"}],"author":[{"embeddable":true,"href":"https:\/\/editionbelavista.com\/de\/wp-json\/wp\/v2\/users\/1"}],"replies":[{"embeddable":true,"href":"https:\/\/editionbelavista.com\/de\/wp-json\/wp\/v2\/comments?post=35"}],"version-history":[{"count":48,"href":"https:\/\/editionbelavista.com\/de\/wp-json\/wp\/v2\/pages\/35\/revisions"}],"predecessor-version":[{"id":283,"href":"https:\/\/editionbelavista.com\/de\/wp-json\/wp\/v2\/pages\/35\/revisions\/283"}],"up":[{"embeddable":true,"href":"https:\/\/editionbelavista.com\/de\/wp-json\/wp\/v2\/pages\/2"}],"wp:attachment":[{"href":"https:\/\/editionbelavista.com\/de\/wp-json\/wp\/v2\/media?parent=35"}],"curies":[{"name":"wp","href":"https:\/\/api.w.org\/{rel}","templated":true}]}}