{"id":37,"date":"2018-05-16T07:59:36","date_gmt":"2018-05-16T07:59:36","guid":{"rendered":"https:\/\/editionbelavista.com\/?page_id=37"},"modified":"2018-06-11T09:07:39","modified_gmt":"2018-06-11T09:07:39","slug":"boa-vista","status":"publish","type":"page","link":"https:\/\/editionbelavista.com\/de\/sample-page\/boa-vista\/","title":{"rendered":"Boa Vista"},"content":{"rendered":"<p><img decoding=\"async\" class=\"image-cover\" src=\"https:\/\/editionbelavista.com\/wp-content\/uploads\/2018\/05\/boa_vista_deu.jpg\" alt=\"\" \/><\/p>\n<div class=\"textarea-book\">\n<strong>Kapverden<\/strong><\/p>\n<h3>Boa Vista<\/h3>\n<h4><strong>Insel der endlosen Str\u00e4nde<\/strong><\/h4>\n<p><\/br><\/p>\n<p>Autoren: <a href=\"https:\/\/editionbelavista.com\/the-authors\/\">Anabela Valente &amp; Jorge Valente<\/a><br \/>\nTaschenbuch, 15 x 21 cm,\u00a0128 Seiten,\u00a0ISBN:\u00a0978-3-86264-716-3<\/p>\n<p>Print\u00a0: 16,90 Euro<br \/>\nE-Book: 12,99 Euro<br \/>\n<a href=\"https:\/\/www.amazon.de\/Kapverden-endlosen-Str%C3%A4nde-Sandw%C3%BCsten-diariesof\/dp\/3862647161\/ref=sr_1_1?s=books&#038;ie=UTF8&#038;qid=1527592202&#038;sr=1-1&#038;keywords=9783862647163\" target=\"_blank\" rel=\"noopener\">jetzt bestellen<\/a><\/p>\n<\/div>\n<div class=\"textarea-book\">\n<ul>\n<li>Entdecke die lebhafte Hauptstadt Sal Rei und all seine Restaurants mit leckeren Meeresfru\u0308chten<\/li>\n<li>Verbringe einen Tag am zauberhaften Strand Praia do Estoril und schaue den Wind- und Kitesurfern beim surfen zu<\/li>\n<li>Besuche das D\u00f6rfchen Rabil, wo die T\u00f6pferkunst der Insel zuhause ist, und wandere am Abend durch die Viana-Wu\u0308ste<\/li>\n<li>Besuche das Naturschutzgebiet bei Ponta de Ervat\u00e3o, in dem Meeresschildkr\u00f6ten ihre Eier ablegen<\/li>\n<li>Beobachte au\u00dfergew\u00f6hnliche Sonnenunterg\u00e4nge auf dem Gipfel der Du\u0308nen von Morro de Areia<\/li>\n<li>Verbringe einen Tag an der Santa M\u00f3nica Beach (auch bekannt als Curralinho), dem sch\u00f6nsten Sandstrand der Insel<\/li>\n<li>Fahre ins verlassene Fischerdorf Curral Velho und ins abgelegene Povoa\u00e7\u00e3o Velha, um das echte Dorfleben kennenzulernen<\/li>\n<\/ul>\n<p><em>In diesem Buch&#8230;<\/em><\/p>\n<p><strong>11 Highlights<\/strong> f\u00fcr Ihren Aktivurlaub<\/p>\n<p><strong>118 Fotos<\/strong> die Ihre Reiselust entzu\u0308nden<\/p>\n<p><strong>128 Seiten<\/strong> mit Reiseberichten &#038; Insider-Infos<\/p>\n<p>Dein Reisef\u00fchrer aus erster Hand\n<\/p><\/div>\n<p><\/p>","protected":false},"excerpt":{"rendered":"<p>Kapverden Boa Vista Insel der endlosen Str\u00e4nde Autoren: Anabela Valente &amp; Jorge Valente Taschenbuch, 15 x 21 cm,\u00a0128 Seiten,\u00a0ISBN:\u00a0978-3-86264-716-3 Print\u00a0: &hellip; <a href=\"https:\/\/editionbelavista.com\/de\/sample-page\/boa-vista\/\" class=\"more-link\">Continue reading <span class=\"screen-reader-text\">Boa Vista<\/span><\/a><\/p>\n","protected":false},"author":1,"featured_media":0,"parent":2,"menu_order":4,"comment_status":"closed","ping_status":"closed","template":"","meta":{"footnotes":""},"class_list":["post-37","page","type-page","status-publish","hentry"],"_links":{"self":[{"href":"https:\/\/editionbelavista.com\/de\/wp-json\/wp\/v2\/pages\/37","targetHints":{"allow":["GET"]}}],"collection":[{"href":"https:\/\/editionbelavista.com\/de\/wp-json\/wp\/v2\/pages"}],"about":[{"href":"https:\/\/editionbelavista.com\/de\/wp-json\/wp\/v2\/types\/page"}],"author":[{"embeddable":true,"href":"https:\/\/editionbelavista.com\/de\/wp-json\/wp\/v2\/users\/1"}],"replies":[{"embeddable":true,"href":"https:\/\/editionbelavista.com\/de\/wp-json\/wp\/v2\/comments?post=37"}],"version-history":[{"count":12,"href":"https:\/\/editionbelavista.com\/de\/wp-json\/wp\/v2\/pages\/37\/revisions"}],"predecessor-version":[{"id":285,"href":"https:\/\/editionbelavista.com\/de\/wp-json\/wp\/v2\/pages\/37\/revisions\/285"}],"up":[{"embeddable":true,"href":"https:\/\/editionbelavista.com\/de\/wp-json\/wp\/v2\/pages\/2"}],"wp:attachment":[{"href":"https:\/\/editionbelavista.com\/de\/wp-json\/wp\/v2\/media?parent=37"}],"curies":[{"name":"wp","href":"https:\/\/api.w.org\/{rel}","templated":true}]}}