{"id":41,"date":"2018-05-16T08:00:29","date_gmt":"2018-05-16T08:00:29","guid":{"rendered":"https:\/\/editionbelavista.com\/?page_id=41"},"modified":"2018-06-11T09:06:59","modified_gmt":"2018-06-11T09:06:59","slug":"santo-antao","status":"publish","type":"page","link":"https:\/\/editionbelavista.com\/de\/sample-page\/santo-antao\/","title":{"rendered":"Santo Ant\u00e3o"},"content":{"rendered":"<p><img decoding=\"async\" class=\"image-cover\" src=\"https:\/\/editionbelavista.com\/wp-content\/uploads\/2018\/05\/santo_antao_deu.jpg\" alt=\"\" \/><\/p>\n<div class=\"textarea-book\">\n<strong>Kapverden<\/strong><\/p>\n<h3>Santo Ant\u00e3o<\/h3>\n<h4><strong>Inselparadies fu\u0308r Wanderer<\/strong><\/h4>\n<p><\/br><\/p>\n<p>Autoren: <a href=\"https:\/\/editionbelavista.com\/the-authors\/\">Anabela Valente &amp; Jorge Valente<\/a><br \/>\nTaschenbuch, 15 x 21 cm,\u00a0128 Seiten,\u00a0ISBN:\u00a0978-3-86264-713-2<\/p>\n<p>Print\u00a0: 16,90 Euro<br \/>\nE-Book: 12,99 Euro<br \/>\n<a href=\"https:\/\/www.amazon.de\/Kapverden-Inselparadies-Wanderer-Naturfreunde-diariesof\/dp\/3862647137\/ref=sr_1_1?s=books&#038;ie=UTF8&#038;qid=1527592093&#038;sr=1-1&#038;keywords=9783862647132\" target=\"_blank\" rel=\"noopener\">jetzt bestellen<\/a><\/p>\n<\/div>\n<div class=\"textarea-book\">\n<ul>\n<li>Feiern Sie das Fest von S\u00e3o Jo\u00e3o in Porto Novo, lernen Sie Col\u00e1-Sanjon tanzen und besuchen Sie die Pferderennen<\/li>\n<li>Trampen Sie die Estrada da Corda und wandern Sie hinab von Cova ins Tal von Pa\u00fal hinab<\/li>\n<li>Entdecken Sie die Ribeiras beim Canyoning in den Stromschnellen von Praia de Gi<\/li>\n<li>Trinken Sie Grogue oder Pontche in Pombas und erfahren Sie in einem Trapiche, wie Grogue gemacht wird<\/li>\n<li>Fahren Sie von Porto Novo die Ku\u0308ste entlang nach Ribeira Grande und besuchen Sie den alten Leuchtturm<\/li>\n<li>Bummeln Sie durch das sch\u00f6ne St\u00e4dtchen Ponta do Sol und genie\u00dfen Sie den Sonnenuntergang im kleinen Hafen Boca da Pistola<\/li>\n<li>Erwandern Sie den Pfad nach Fontainhas und genie\u00dfen Sie einige der weltweit spektakul\u00e4rsten Aussichten<\/li>\n<\/ul>\n<p><em>In diesem Buch&#8230;<\/em><\/p>\n<p><strong>11 Highlights<\/strong> f\u00fcr Ihren Aktivurlaub<\/p>\n<p><strong>119 Fotos<\/strong> die Ihre Reiselust entzu\u0308nden<\/p>\n<p><strong>128 Seiten<\/strong> mit Reiseberichten &#038; Insider-Infos<\/p>\n<p>Dein Reisef\u00fchrer aus erster Hand\n<\/p><\/div>\n<p> <\/p>","protected":false},"excerpt":{"rendered":"<p>Kapverden Santo Ant\u00e3o Inselparadies fu\u0308r Wanderer Autoren: Anabela Valente &amp; Jorge Valente Taschenbuch, 15 x 21 cm,\u00a0128 Seiten,\u00a0ISBN:\u00a0978-3-86264-713-2 Print\u00a0: 16,90 &hellip; <a href=\"https:\/\/editionbelavista.com\/de\/sample-page\/santo-antao\/\" class=\"more-link\">Continue reading <span class=\"screen-reader-text\">Santo Ant\u00e3o<\/span><\/a><\/p>\n","protected":false},"author":1,"featured_media":0,"parent":2,"menu_order":2,"comment_status":"closed","ping_status":"closed","template":"","meta":{"footnotes":""},"class_list":["post-41","page","type-page","status-publish","hentry"],"_links":{"self":[{"href":"https:\/\/editionbelavista.com\/de\/wp-json\/wp\/v2\/pages\/41","targetHints":{"allow":["GET"]}}],"collection":[{"href":"https:\/\/editionbelavista.com\/de\/wp-json\/wp\/v2\/pages"}],"about":[{"href":"https:\/\/editionbelavista.com\/de\/wp-json\/wp\/v2\/types\/page"}],"author":[{"embeddable":true,"href":"https:\/\/editionbelavista.com\/de\/wp-json\/wp\/v2\/users\/1"}],"replies":[{"embeddable":true,"href":"https:\/\/editionbelavista.com\/de\/wp-json\/wp\/v2\/comments?post=41"}],"version-history":[{"count":14,"href":"https:\/\/editionbelavista.com\/de\/wp-json\/wp\/v2\/pages\/41\/revisions"}],"predecessor-version":[{"id":284,"href":"https:\/\/editionbelavista.com\/de\/wp-json\/wp\/v2\/pages\/41\/revisions\/284"}],"up":[{"embeddable":true,"href":"https:\/\/editionbelavista.com\/de\/wp-json\/wp\/v2\/pages\/2"}],"wp:attachment":[{"href":"https:\/\/editionbelavista.com\/de\/wp-json\/wp\/v2\/media?parent=41"}],"curies":[{"name":"wp","href":"https:\/\/api.w.org\/{rel}","templated":true}]}}