{"id":74,"date":"2018-05-16T10:01:51","date_gmt":"2018-05-16T10:01:51","guid":{"rendered":"https:\/\/editionbelavista.com\/?page_id=74"},"modified":"2018-05-29T10:59:10","modified_gmt":"2018-05-29T10:59:10","slug":"dictionaries","status":"publish","type":"page","link":"https:\/\/editionbelavista.com\/de\/dictionaries\/","title":{"rendered":"Sprachf\u00fchrer"},"content":{"rendered":"<p><img decoding=\"async\" class=\"image-cover\" src=\"https:\/\/editionbelavista.com\/wp-content\/uploads\/2018\/05\/sprachfuehrer_deutsch.jpg\" alt=\"\" \/><\/p>\n<div class=\"textarea-book\">\n<h4><strong>Mehr als nur ein W\u00f6rterbuch &#8230;<\/strong><\/h4>\n<p><\/br><br \/>\nDas kapverdische Kreol ist eine reine Umgangssprache und im Wesentlichen aus dem Portugiesischen entstanden. Im Laufe der Zeit sind Redewendungen und W\u00f6rter aus anderen Sprachen \u201ekreolisiert\u201c worden und in den Sprachgebrauch eingeflossen. In diesem Buch finden Sie die fu\u0308r den Alltagsgebrauch wichtigsten Idiome und W\u00f6rter in einer leicht verst\u00e4ndlichen Schriftsprache.\n<\/div>\n<div class=\"textarea-book\">\nFolgende Themenkreise sind Inhalt dieses Buches:<br \/>\nAnreise und Weiterreise \u2022 Erste Kontakte \u2022 \u00dcbernachten \u2022 Essen und Trinken \u2022 Unterwegs in der Stadt \u2022 Einkaufen \u2022 Freizeit-Aktivit\u00e4ten \u2022 Ernstfall \u2022 Zeit und Wetter \u2022 Reisew\u00f6rterbu\u0308cher \u2022 Schilder und Aufschriften \u2022 Die Zahlen<\/p>\n<ul>\n<li>Alle Rubriken beginnen mit einfachen und gebr\u00e4uchlichen Redewendungen, Begru\u0308\u00dfungsformeln und hilfreichen Fragen, die sich kinderleicht mit weiteren Worten und Begriffen erg\u00e4nzen lassen.<\/li>\n<li>Das Buch macht Sie mit dem Basiswissen der Grammatik des kapverdischen Kreol vertraut sowie mit den Lauten der Aussprache mit vergleichbaren Sprachlauten in deutscher Sprache.<\/li>\n<li>Sie fi nden zahlreiche nu\u0308tzliche Informationen und Hilfestellungen zu Fragen und Situationen des t\u00e4glichen Lebens, zu Sitten und Gebr\u00e4uchen und im Umgang mit der einheimischen Bev\u00f6lkerung.<\/li>\n<li>Um die landestypsche Ku\u0308che mit ihren hervoragenden Fischgerichten kennenzulernen und im Supermarkt und auf den zahlreichen M\u00e4rkten die gewu\u0308nschten Zutaten einkaufen zu k\u00f6nnen, bietet Ihnen dieses Buch alle M\u00f6glichkeiten der Verst\u00e4ndigung.<\/li>\n<li>Wenn Sie dem \u201ewirklichen Leben\u201c abseits der Touristenpfade begegnen wollen, ist dieses Buch eine unerl\u00e4ssliche Hilfe.<\/li>\n<\/ul>\n<p>ISBN 978-3-86264-729-3 | <a href=\"mailto:info@editionbelavista.com\">info@editionbelavista.com<\/a><\/p>\n<p>E-Book: 12,99 Euro<br \/>\n<a href=\"https:\/\/www.amazon.de\/Kreol-fu%CC%88r-jedermann-Sprachfu%CC%88hrer-Kapverdischen-ebook\/dp\/B07D3K52V3\/ref=sr_1_1?s=books&#038;ie=UTF8&#038;qid=1527590548&#038;sr=1-1&#038;keywords=9783862647293\" rel=\"noopener\" target=\"_blank\">jetzt bestellen<\/a><\/div>\n<p><\/p>","protected":false},"excerpt":{"rendered":"<p>Mehr als nur ein W\u00f6rterbuch &#8230; Das kapverdische Kreol ist eine reine Umgangssprache und im Wesentlichen aus dem Portugiesischen entstanden. &hellip; <a href=\"https:\/\/editionbelavista.com\/de\/dictionaries\/\" class=\"more-link\">Continue reading <span class=\"screen-reader-text\">Sprachf\u00fchrer<\/span><\/a><\/p>\n","protected":false},"author":1,"featured_media":0,"parent":0,"menu_order":0,"comment_status":"closed","ping_status":"closed","template":"","meta":{"footnotes":""},"class_list":["post-74","page","type-page","status-publish","hentry"],"_links":{"self":[{"href":"https:\/\/editionbelavista.com\/de\/wp-json\/wp\/v2\/pages\/74","targetHints":{"allow":["GET"]}}],"collection":[{"href":"https:\/\/editionbelavista.com\/de\/wp-json\/wp\/v2\/pages"}],"about":[{"href":"https:\/\/editionbelavista.com\/de\/wp-json\/wp\/v2\/types\/page"}],"author":[{"embeddable":true,"href":"https:\/\/editionbelavista.com\/de\/wp-json\/wp\/v2\/users\/1"}],"replies":[{"embeddable":true,"href":"https:\/\/editionbelavista.com\/de\/wp-json\/wp\/v2\/comments?post=74"}],"version-history":[{"count":14,"href":"https:\/\/editionbelavista.com\/de\/wp-json\/wp\/v2\/pages\/74\/revisions"}],"predecessor-version":[{"id":274,"href":"https:\/\/editionbelavista.com\/de\/wp-json\/wp\/v2\/pages\/74\/revisions\/274"}],"wp:attachment":[{"href":"https:\/\/editionbelavista.com\/de\/wp-json\/wp\/v2\/media?parent=74"}],"curies":[{"name":"wp","href":"https:\/\/api.w.org\/{rel}","templated":true}]}}