{"id":224,"date":"2018-05-22T14:52:30","date_gmt":"2018-05-22T14:52:30","guid":{"rendered":"https:\/\/editionbelavista.com\/?page_id=224"},"modified":"2018-05-28T12:21:45","modified_gmt":"2018-05-28T12:21:45","slug":"the-authors","status":"publish","type":"page","link":"https:\/\/editionbelavista.com\/fr\/the-authors\/","title":{"rendered":"Les auteurs"},"content":{"rendered":"<p><img loading=\"lazy\" decoding=\"async\" src=\"https:\/\/editionbelavista.com\/wp-content\/uploads\/2018\/05\/Autorenfoto_Anabela_Jorge_3877-Kopie.jpg\" alt=\"\" width=\"600\" height=\"400\" \/><\/p>\n<p><b>Anabela Valente<\/b> Suivant sa passion pour le voyage, et apr\u00e8s un long p\u00e9riple, Anabela a laiss\u00e9 une carri\u00e8re dans la propri\u00e9t\u00e9 intellectuelle pour fonder le maga- zine de voyage diariesof, dont l\u2019objectif est d\u2019inspirer le lecteur \u00e0 voyager et \u00e0 d\u00e9couvrir le monde. Elle a aussi beaucoup voyag\u00e9 dans les \u00eeles cap-verdiennes et a \u00e9crit jusqu\u2019\u00e0 pr\u00e9sent quatre livres sur l\u2019archipel. <\/p>\n<p><b>Jorge Valente<\/b> est un photographe de voyage avec une formation en graphisme. Curieux de nature, le monde l\u2019int\u00e9resse et les voyages sont un moyen par-fait pour satisfaire sa curiosit\u00e9. Apr\u00e8s un long voyage en Am\u00e9rique du Sud, il a fond\u00e9 le magazine de voyage diariesof, avec Anabela, sa partenaire. Il se r\u00e9jouit de partager ici sa passion pour le Cap-Vert avec les lecteurs. <\/p>\n<p>Suivez-les sur <a href=\"http:\/\/www.diariesofmagazine.com\" rel=\"noopener\" target=\"_blank\">www.diariesofmagazine.com<\/a>.<\/p>","protected":false},"excerpt":{"rendered":"<p>Anabela Valente Suivant sa passion pour le voyage, et apr\u00e8s un long p\u00e9riple, Anabela a laiss\u00e9 une carri\u00e8re dans la &hellip; <a href=\"https:\/\/editionbelavista.com\/fr\/the-authors\/\" class=\"more-link\">Continue reading <span class=\"screen-reader-text\">Les auteurs<\/span><\/a><\/p>\n","protected":false},"author":1,"featured_media":0,"parent":0,"menu_order":0,"comment_status":"closed","ping_status":"closed","template":"","meta":{"footnotes":""},"class_list":["post-224","page","type-page","status-publish","hentry"],"_links":{"self":[{"href":"https:\/\/editionbelavista.com\/fr\/wp-json\/wp\/v2\/pages\/224","targetHints":{"allow":["GET"]}}],"collection":[{"href":"https:\/\/editionbelavista.com\/fr\/wp-json\/wp\/v2\/pages"}],"about":[{"href":"https:\/\/editionbelavista.com\/fr\/wp-json\/wp\/v2\/types\/page"}],"author":[{"embeddable":true,"href":"https:\/\/editionbelavista.com\/fr\/wp-json\/wp\/v2\/users\/1"}],"replies":[{"embeddable":true,"href":"https:\/\/editionbelavista.com\/fr\/wp-json\/wp\/v2\/comments?post=224"}],"version-history":[{"count":6,"href":"https:\/\/editionbelavista.com\/fr\/wp-json\/wp\/v2\/pages\/224\/revisions"}],"predecessor-version":[{"id":237,"href":"https:\/\/editionbelavista.com\/fr\/wp-json\/wp\/v2\/pages\/224\/revisions\/237"}],"wp:attachment":[{"href":"https:\/\/editionbelavista.com\/fr\/wp-json\/wp\/v2\/media?parent=224"}],"curies":[{"name":"wp","href":"https:\/\/api.w.org\/{rel}","templated":true}]}}