{"id":35,"date":"2018-05-16T07:59:18","date_gmt":"2018-05-16T07:59:18","guid":{"rendered":"https:\/\/editionbelavista.com\/?page_id=35"},"modified":"2018-06-11T09:06:20","modified_gmt":"2018-06-11T09:06:20","slug":"sal","status":"publish","type":"page","link":"https:\/\/editionbelavista.com\/fr\/sample-page\/sal\/","title":{"rendered":"Sal"},"content":{"rendered":"<p><img decoding=\"async\" class=\"image-cover\" src=\"https:\/\/editionbelavista.com\/wp-content\/uploads\/2018\/05\/sal_franz.jpg\" alt=\"\" \/><\/p>\n<div class=\"textarea-book\">\n<strong>Cap-Vert<\/strong><\/p>\n<h3>Sal<\/h3>\n<h4><strong>Un eldorado pour les aficionados du soleil<\/strong><\/h4>\n<p><\/br><br \/>\nAuteurs: <a href=\"https:\/\/editionbelavista.com\/the-authors\/\">Anabela Valente &amp; Jorge Valente<\/a><br \/>\nlivre de poche, 15 x 21 cm,\u00a0128 la page,\u00a0ISBN:\u00a0978-3-86264-723-1<\/p>\n<p>Print\u00a0: 16,66 Euro<br \/>\nE-Book: 12,99 Euro<br \/>\n<a href=\"https:\/\/www.amazon.fr\/Cap-Vert-eldorado-passionn%C3%A9s-vagues-soleil\/dp\/3862647234\/ref=sr_1_1?s=books&#038;ie=UTF8&#038;qid=1527591990&#038;sr=1-1&#038;keywords=9783862647231\" target=\"_blank\" rel=\"noopener\">commandez maintenant<\/a><\/p>\n<\/div>\n<div class=\"textarea-book\">\n<ul>\n<li>M\u00ealez-vous \u00e0 la foule au ponton le matin quand le poisson arrive et d\u00e9couvrez la vie palpitante des rues de Santa Maria.<\/li>\n<li>Depuis un voilier, profitez des vues uniques sur les c\u00f4tes de l\u2019\u00eele et observez des baleines et des dauphins.<\/li>\n<li>Montez \u00e0 cheval ou nagez avec lui sur les belles plages de sable blanc pr\u00e8s de Ponta do Sin\u00f3.<\/li>\n<li>Prenez place au premier rang et admirez le spectacle des surfeurs t\u00e9m\u00e9raires bravant les vagues r\u00e9put\u00e9es de Ponta Preta.<\/li>\n<li>Flottez dans les eaux sal\u00e9es de la saline de Pedra de Lume et admirez l\u2019imposant crat\u00e8re naturel.<\/li>\n<li>Approchez les requins, \u00e0 quelques m\u00e8tres de vous, les pieds dans l\u2019eau \u00e0 la Shark Bay, la baie des requins (Ba\u00eda da Parda).<\/li>\n<li>Rejoignez les kitesurfers sur la Kite Beach (Costa da Fragata) et apprenez \u00e0 manier votre aile comme les pros.<\/li>\n<\/ul>\n<p><em>Dans ce livre&#8230;<\/em><\/p>\n<p><strong>11 id\u00e9es<\/strong> pour des vacances actives<\/p>\n<p><strong>110 photos<\/strong> qui vous donneront envie de d\u00e9couvrir l\u2019\u00eele<\/p>\n<p><strong>128 pages<\/strong> d\u2019exp\u00e9riences et rencontres uniques<\/p>\n<p>Votre guide de voyage pour voyager autrement\n<\/p><\/div>\n<p><\/p>","protected":false},"excerpt":{"rendered":"<p>Cap-Vert Sal Un eldorado pour les aficionados du soleil Auteurs: Anabela Valente &amp; Jorge Valente livre de poche, 15 x &hellip; <a href=\"https:\/\/editionbelavista.com\/fr\/sample-page\/sal\/\" class=\"more-link\">Continue reading <span class=\"screen-reader-text\">Sal<\/span><\/a><\/p>\n","protected":false},"author":1,"featured_media":0,"parent":2,"menu_order":1,"comment_status":"closed","ping_status":"closed","template":"","meta":{"footnotes":""},"class_list":["post-35","page","type-page","status-publish","hentry"],"_links":{"self":[{"href":"https:\/\/editionbelavista.com\/fr\/wp-json\/wp\/v2\/pages\/35","targetHints":{"allow":["GET"]}}],"collection":[{"href":"https:\/\/editionbelavista.com\/fr\/wp-json\/wp\/v2\/pages"}],"about":[{"href":"https:\/\/editionbelavista.com\/fr\/wp-json\/wp\/v2\/types\/page"}],"author":[{"embeddable":true,"href":"https:\/\/editionbelavista.com\/fr\/wp-json\/wp\/v2\/users\/1"}],"replies":[{"embeddable":true,"href":"https:\/\/editionbelavista.com\/fr\/wp-json\/wp\/v2\/comments?post=35"}],"version-history":[{"count":48,"href":"https:\/\/editionbelavista.com\/fr\/wp-json\/wp\/v2\/pages\/35\/revisions"}],"predecessor-version":[{"id":283,"href":"https:\/\/editionbelavista.com\/fr\/wp-json\/wp\/v2\/pages\/35\/revisions\/283"}],"up":[{"embeddable":true,"href":"https:\/\/editionbelavista.com\/fr\/wp-json\/wp\/v2\/pages\/2"}],"wp:attachment":[{"href":"https:\/\/editionbelavista.com\/fr\/wp-json\/wp\/v2\/media?parent=35"}],"curies":[{"name":"wp","href":"https:\/\/api.w.org\/{rel}","templated":true}]}}