{"id":37,"date":"2018-05-16T07:59:36","date_gmt":"2018-05-16T07:59:36","guid":{"rendered":"https:\/\/editionbelavista.com\/?page_id=37"},"modified":"2018-06-11T09:07:39","modified_gmt":"2018-06-11T09:07:39","slug":"boa-vista","status":"publish","type":"page","link":"https:\/\/editionbelavista.com\/fr\/sample-page\/boa-vista\/","title":{"rendered":"Boa Vista"},"content":{"rendered":"<p><img decoding=\"async\" class=\"image-cover\" src=\"https:\/\/editionbelavista.com\/wp-content\/uploads\/2018\/05\/boavista_franz.jpg\" alt=\"\" \/><\/p>\n<div class=\"textarea-book\">\n<strong>Cap-Vert<\/strong><\/p>\n<h3>Boa Vista<\/h3>\n<h4><strong>Une \u00eele de plages et de dunes<\/strong><\/h4>\n<p><\/br><\/p>\n<p>Auteurs: <a href=\"https:\/\/editionbelavista.com\/the-authors\/\">Anabela Valente &amp; Jorge Valente<\/a><br \/>\nlivre de poche, 15 x 21 cm,\u00a0128 la page,\u00a0ISBN:\u00a0978-3-86264-724-8<\/p>\n<p>Print\u00a0: 16,66 Euro<br \/>\nE-Book: 12,99 Euro<br \/>\n<a href=\"https:\/\/www.amazon.fr\/Cap-Vert-Vista-dunes-plages-sable\/dp\/3862647242\/ref=sr_1_1?s=books&#038;ie=UTF8&#038;qid=1527592224&#038;sr=1-1&#038;keywords=9783862647248\" target=\"_blank\" rel=\"noopener\">commandez maintenant<\/a><\/p>\n<\/div>\n<div class=\"textarea-book\">\n<ul>\n<li>Impr\u00e9gnez-vous de l\u2019ambiance citadine de Sal Rei et appr\u00e9ciez les sp\u00e9cialit\u00e9s de fruits de mer.<\/li>\n<li>Profitez d\u2019une journ\u00e9e sur la belle Praia de Estoril (plage d\u2019Estoril) et rejoignez les windsurfers et les kitesurfers sur les vagues.<\/li>\n<li>Visitez Rabil et la poterie locale et faites une randonn\u00e9e dans le d\u00e9sert aride de Viana au coucher du soleil.<\/li>\n<li>Accompagnez une ONG locale et soyez t\u00e9moins du spectacle de la ponte des tortues \u00e0 Ponta de Ervat\u00e3o.<\/li>\n<li>Admirez les couchers de soleil exceptionnels du haut des dunes du mont Morro de Areia.<\/li>\n<li>Laissez-vous caresser par le soleil sur la plage de Santa M\u00f3nica (aussi connue par Curralinho), la plus belle et la plus d\u00e9serte plage de l\u2019\u00eele.<\/li>\n<li>Explorez Curral Velho, l\u2018ancien village de p\u00eacheurs abandonn\u00e9 et d\u00e9couvrez l\u2018authentique atmosph\u00e8re villageoise \u00e0 Povoa\u00e7\u00e3o Velha.<\/li>\n<\/ul>\n<p><em>Dans ce livre&#8230;<\/em><\/p>\n<p><strong>11 id\u00e9es<\/strong> pour des vacances actives<\/p>\n<p><strong>118 photos<\/strong> qui vous donneront envie de d\u00e9couvrir l\u2019\u00eele<\/p>\n<p><strong>128 pages<\/strong> d\u2019exp\u00e9riences et rencontres uniques<\/p>\n<p>Votre guide de voyage pour voyager autrement\n<\/p><\/div>\n<p><\/p>","protected":false},"excerpt":{"rendered":"<p>Cap-Vert Boa Vista Une \u00eele de plages et de dunes Auteurs: Anabela Valente &amp; Jorge Valente livre de poche, 15 &hellip; <a href=\"https:\/\/editionbelavista.com\/fr\/sample-page\/boa-vista\/\" class=\"more-link\">Continue reading <span class=\"screen-reader-text\">Boa Vista<\/span><\/a><\/p>\n","protected":false},"author":1,"featured_media":0,"parent":2,"menu_order":4,"comment_status":"closed","ping_status":"closed","template":"","meta":{"footnotes":""},"class_list":["post-37","page","type-page","status-publish","hentry"],"_links":{"self":[{"href":"https:\/\/editionbelavista.com\/fr\/wp-json\/wp\/v2\/pages\/37","targetHints":{"allow":["GET"]}}],"collection":[{"href":"https:\/\/editionbelavista.com\/fr\/wp-json\/wp\/v2\/pages"}],"about":[{"href":"https:\/\/editionbelavista.com\/fr\/wp-json\/wp\/v2\/types\/page"}],"author":[{"embeddable":true,"href":"https:\/\/editionbelavista.com\/fr\/wp-json\/wp\/v2\/users\/1"}],"replies":[{"embeddable":true,"href":"https:\/\/editionbelavista.com\/fr\/wp-json\/wp\/v2\/comments?post=37"}],"version-history":[{"count":12,"href":"https:\/\/editionbelavista.com\/fr\/wp-json\/wp\/v2\/pages\/37\/revisions"}],"predecessor-version":[{"id":285,"href":"https:\/\/editionbelavista.com\/fr\/wp-json\/wp\/v2\/pages\/37\/revisions\/285"}],"up":[{"embeddable":true,"href":"https:\/\/editionbelavista.com\/fr\/wp-json\/wp\/v2\/pages\/2"}],"wp:attachment":[{"href":"https:\/\/editionbelavista.com\/fr\/wp-json\/wp\/v2\/media?parent=37"}],"curies":[{"name":"wp","href":"https:\/\/api.w.org\/{rel}","templated":true}]}}