{"id":39,"date":"2018-05-16T08:00:01","date_gmt":"2018-05-16T08:00:01","guid":{"rendered":"https:\/\/editionbelavista.com\/?page_id=39"},"modified":"2018-06-11T09:05:57","modified_gmt":"2018-06-11T09:05:57","slug":"sao-vicente","status":"publish","type":"page","link":"https:\/\/editionbelavista.com\/fr\/sample-page\/sao-vicente\/","title":{"rendered":"S\u00e3o Vicente"},"content":{"rendered":"<p><img decoding=\"async\" class=\"image-cover\" src=\"https:\/\/editionbelavista.com\/wp-content\/uploads\/2018\/05\/sao_vicente_fran.jpg\" alt=\"\" \/><\/p>\n<div class=\"textarea-book\">\n<strong>Cap-Vert<\/strong><\/p>\n<h3>S\u00e3o Vicente<\/h3>\n<h4><strong>Mindelo \u2013 capitale de la culture<\/strong><\/h4>\n<p><\/br><\/p>\n<p>Auteurs: <a href=\"https:\/\/editionbelavista.com\/the-authors\/\">Anabela Valente &amp; Jorge Valente<\/a><br \/>\nlivre de poche, 15 x 21 cm,\u00a0128 la page,\u00a0ISBN:\u00a0978-3-86264-722-4<\/p>\n<p>Print\u00a0: 16,66 Euro<br \/>\nE-Book: 12,99 Euro<br \/>\n<a href=\"https:\/\/www.amazon.fr\/Cap-Vert-Vicente-brassage-culture-cap-verdiennes\/dp\/3862647226\/ref=sr_1_1?s=amazon-devices&#038;ie=UTF8&#038;qid=1527591665&#038;sr=8-1&#038;keywords=9783862647224\" target=\"_blank\" rel=\"noopener\">commandez maintenant<\/a><\/p>\n<\/div>\n<div class=\"textarea-book\">\n<ul>\n<li>D\u00e9couvrez la vie nocturne boh\u00e8me et les concerts dans les vieux caf\u00e9s de la Rua Lisboa ou \u00e0 Laginha.<\/li>\n<li>Impr\u00e9gnez-vous de la vie de cette ville portuaire dans les petites ruelles de Mindelo et visitez ses march\u00e9s.<\/li>\n<li>Grimpez l\u2019embl\u00e9matique Monte Cara ou admirez-le sous le coucher de soleil depuis la marina.<\/li>\n<li>Savourez la belle plage de S\u00e3o Pedro et admirez les windsurfers tracer \u00e0 toute vitesse dans la baie.<\/li>\n<li>Passez une journ\u00e9e zen sur la plage Palha Carga, la plus belle plage d\u00e9serte de l\u2019\u00eele.<\/li>\n<li>Montez jusqu\u2019au crat\u00e8re bien conserv\u00e9 du volcan Viana pour y contempler les vues incroyables du volcan.<\/li>\n<li>Nagez dans la piscine naturelle de Calhau, puis d\u00e9jeunez dans l\u2019un des restaurants locaux de ce petit village de p\u00eacheurs situ\u00e9 au pied des deux volcans.<\/li>\n<\/ul>\n<p><em>Dans ce livre&#8230;<\/em><\/p>\n<p><strong>11 id\u00e9es<\/strong> pour des vacances actives<\/p>\n<p><strong>109 photos<\/strong> qui vous donneront envie de d\u00e9couvrir l\u2019\u00eele<\/p>\n<p><strong>128 pages<\/strong> d\u2019exp\u00e9riences et rencontres uniques<\/p>\n<p>Votre guide de voyage pour voyager autrement\n<\/p><\/div>\n<p><\/p>","protected":false},"excerpt":{"rendered":"<p>Cap-Vert S\u00e3o Vicente Mindelo \u2013 capitale de la culture Auteurs: Anabela Valente &amp; Jorge Valente livre de poche, 15 x &hellip; <a href=\"https:\/\/editionbelavista.com\/fr\/sample-page\/sao-vicente\/\" class=\"more-link\">Continue reading <span class=\"screen-reader-text\">S\u00e3o Vicente<\/span><\/a><\/p>\n","protected":false},"author":1,"featured_media":0,"parent":2,"menu_order":0,"comment_status":"closed","ping_status":"closed","template":"","meta":{"footnotes":""},"class_list":["post-39","page","type-page","status-publish","hentry"],"_links":{"self":[{"href":"https:\/\/editionbelavista.com\/fr\/wp-json\/wp\/v2\/pages\/39","targetHints":{"allow":["GET"]}}],"collection":[{"href":"https:\/\/editionbelavista.com\/fr\/wp-json\/wp\/v2\/pages"}],"about":[{"href":"https:\/\/editionbelavista.com\/fr\/wp-json\/wp\/v2\/types\/page"}],"author":[{"embeddable":true,"href":"https:\/\/editionbelavista.com\/fr\/wp-json\/wp\/v2\/users\/1"}],"replies":[{"embeddable":true,"href":"https:\/\/editionbelavista.com\/fr\/wp-json\/wp\/v2\/comments?post=39"}],"version-history":[{"count":30,"href":"https:\/\/editionbelavista.com\/fr\/wp-json\/wp\/v2\/pages\/39\/revisions"}],"predecessor-version":[{"id":282,"href":"https:\/\/editionbelavista.com\/fr\/wp-json\/wp\/v2\/pages\/39\/revisions\/282"}],"up":[{"embeddable":true,"href":"https:\/\/editionbelavista.com\/fr\/wp-json\/wp\/v2\/pages\/2"}],"wp:attachment":[{"href":"https:\/\/editionbelavista.com\/fr\/wp-json\/wp\/v2\/media?parent=39"}],"curies":[{"name":"wp","href":"https:\/\/api.w.org\/{rel}","templated":true}]}}