{"id":41,"date":"2018-05-16T08:00:29","date_gmt":"2018-05-16T08:00:29","guid":{"rendered":"https:\/\/editionbelavista.com\/?page_id=41"},"modified":"2018-06-11T09:06:59","modified_gmt":"2018-06-11T09:06:59","slug":"santo-antao","status":"publish","type":"page","link":"https:\/\/editionbelavista.com\/fr\/sample-page\/santo-antao\/","title":{"rendered":"Santo Ant\u00e3o"},"content":{"rendered":"<p><img decoding=\"async\" class=\"image-cover\" src=\"https:\/\/editionbelavista.com\/wp-content\/uploads\/2018\/05\/santo_antao_fran.jpg\" alt=\"\" \/><\/p>\n<div class=\"textarea-book\">\n<strong>Cap-Vert<\/strong><\/p>\n<h3>Santo Ant\u00e3o<\/h3>\n<h4><strong>Un paradis pour randonneurs<\/strong><\/h4>\n<p><\/br><\/p>\n<p>Auteurs: <a href=\"https:\/\/editionbelavista.com\/the-authors\/\">Anabela Valente &amp; Jorge Valente<\/a><br \/>\nlivre de poche, 15 x 21 cm,\u00a0128 la page,\u00a0ISBN:\u00a0978-3-86264-721-7<\/p>\n<p>Print\u00a0: 16,66 Euro<br \/>\nE-Book: 12,99 Euro<br \/>\n<a href=\"https:\/\/www.amazon.fr\/Cap-Vert-Santo-paradis-randonneurs-nature\/dp\/3862647218\/ref=sr_1_1?s=books&#038;ie=UTF8&#038;qid=1527592114&#038;sr=1-1&#038;keywords=9783862647217\" target=\"_blank\" rel=\"noopener\">commandez maintenant<\/a><\/p>\n<\/div>\n<div class=\"textarea-book\">\n<ul>\n<li>Apprenez \u00e0 danser le col\u00e1-sanjon lors des festivit\u00e9s populaires de S\u00e3o Jo\u00e3o \u00e0 Porto Novo et assistez aux courses de chevaux.<\/li>\n<li>Faites du stop \u00e0 travers l\u2019ancienne route Corda et descendez le sentier de Cova dans la vall\u00e9e de Pa\u00fal.<\/li>\n<li>Explorez les ribeiras en faisant du canyoning dans un cours d\u2019eau jusqu\u2019\u00e0 Praia de Gi.<\/li>\n<li>Appr\u00e9ciez un grogue et visitez un trapiche traditionnel pour en d\u00e9couvrir leur pr\u00e9paration \u00e0 Pombas.<\/li>\n<li>Traversez la route c\u00f4ti\u00e8re de Porto Novo jusqu\u2019\u00e0 Ribeira Grande et visitez l\u2019ancien phare.<\/li>\n<li>Promenez-vous dans la charmante ville de Ponta do Sol et admirez le coucher de soleil depuis le petit port de Boca da Pistola.<\/li>\n<li>Marchez jusqu\u2019\u00e0 Fontainhas et admirez les vues spectaculaires de cet endroit.<\/li>\n<\/ul>\n<p><em>Dans ce livre&#8230;<\/em><\/p>\n<p><strong>11 id\u00e9es<\/strong> pour des vacances actives<\/p>\n<p><strong>119 photos<\/strong> qui vous donneront envie de d\u00e9couvrir l\u2019\u00eele<\/p>\n<p><strong>128 pages<\/strong> d\u2019exp\u00e9riences et rencontres uniques<\/p>\n<p>Votre guide de voyage pour voyager autrement\n<\/p><\/div>\n<p><\/p>","protected":false},"excerpt":{"rendered":"<p>Cap-Vert Santo Ant\u00e3o Un paradis pour randonneurs Auteurs: Anabela Valente &amp; Jorge Valente livre de poche, 15 x 21 cm,\u00a0128 &hellip; <a href=\"https:\/\/editionbelavista.com\/fr\/sample-page\/santo-antao\/\" class=\"more-link\">Continue reading <span class=\"screen-reader-text\">Santo Ant\u00e3o<\/span><\/a><\/p>\n","protected":false},"author":1,"featured_media":0,"parent":2,"menu_order":2,"comment_status":"closed","ping_status":"closed","template":"","meta":{"footnotes":""},"class_list":["post-41","page","type-page","status-publish","hentry"],"_links":{"self":[{"href":"https:\/\/editionbelavista.com\/fr\/wp-json\/wp\/v2\/pages\/41","targetHints":{"allow":["GET"]}}],"collection":[{"href":"https:\/\/editionbelavista.com\/fr\/wp-json\/wp\/v2\/pages"}],"about":[{"href":"https:\/\/editionbelavista.com\/fr\/wp-json\/wp\/v2\/types\/page"}],"author":[{"embeddable":true,"href":"https:\/\/editionbelavista.com\/fr\/wp-json\/wp\/v2\/users\/1"}],"replies":[{"embeddable":true,"href":"https:\/\/editionbelavista.com\/fr\/wp-json\/wp\/v2\/comments?post=41"}],"version-history":[{"count":14,"href":"https:\/\/editionbelavista.com\/fr\/wp-json\/wp\/v2\/pages\/41\/revisions"}],"predecessor-version":[{"id":284,"href":"https:\/\/editionbelavista.com\/fr\/wp-json\/wp\/v2\/pages\/41\/revisions\/284"}],"up":[{"embeddable":true,"href":"https:\/\/editionbelavista.com\/fr\/wp-json\/wp\/v2\/pages\/2"}],"wp:attachment":[{"href":"https:\/\/editionbelavista.com\/fr\/wp-json\/wp\/v2\/media?parent=41"}],"curies":[{"name":"wp","href":"https:\/\/api.w.org\/{rel}","templated":true}]}}