{"id":74,"date":"2018-05-16T10:01:51","date_gmt":"2018-05-16T10:01:51","guid":{"rendered":"https:\/\/editionbelavista.com\/?page_id=74"},"modified":"2018-05-29T10:59:10","modified_gmt":"2018-05-29T10:59:10","slug":"dictionaries","status":"publish","type":"page","link":"https:\/\/editionbelavista.com\/fr\/dictionaries\/","title":{"rendered":"Dictionnaires"},"content":{"rendered":"<p><img decoding=\"async\" class=\"image-cover\" src=\"https:\/\/editionbelavista.com\/wp-content\/uploads\/2018\/05\/sprachfuehrer_franzoesisch.jpg\" alt=\"\" \/><\/p>\n<div class=\"textarea-book\">\n<h4><strong>Plus qu\u2018un simple dictionnaire &#8230;<\/strong><\/h4>\n<p><\/br><br \/>\nLe cr\u00e9ole capverdien est une langue purement famili\u00e8re et essentiellement originaire du Portugais. Au fi l du temps, les idiomes et les mots d\u2018autres langues ont \u00e9t\u00e9 \u00ab cr\u00e9olis\u00e9s \u00bb et incorpor\u00e9s dans la langue. Dans ce livre, vous trouverez le plus important pour les idiomes et les mots d\u2018usage quotidien dans une langue \u00e9crite facilement compr\u00e9hensible.\n<\/div>\n<div class=\"textarea-book\">\nLes sujets suivants sont le contenu de ce livre:<br \/>\nArriv\u00e9e et voyage \u2022 Premiers contacts \u2022 Passer la nuit \u2022 Manger et boire \u2022 En ville \u2022 Faire du shopping \u2022 Activit\u00e9s \u2022 Urgences \u2022 Temps et m\u00e9t\u00e9o \u2022 Dictionnaires de voyage \u2022 Signes et inscriptions \u2022 Nombres<br \/>\n<\/br><\/p>\n<ul>\n<li>Toutes les rubriques commencent par des phrases simples et courantes, des salutations et des questions utiles qui peuvent facilement \u00eatre compl\u00e9t\u00e9es par d\u2018autres mots et expressions.<\/li>\n<li>Gr\u00e2ce \u00e0 ce livre, vous vous familiariserez avec les connaissances de base de la grammaire du cr\u00e9ole capverdien et sa prononciation gr\u00e2ce notamment \u00e0 la comparaison avec des sons de la langue fran\u00e7aise.<\/li>\n<li>Vous trouverez de nombreuses informations utiles et des aides sur des situations de la vie quotidienne, les coutumes et la mani\u00e8re d\u2018aborder la population locale.<\/li>\n<li>Cet ouvrage vous donnera les clefs pour communiquer facilement pour que vous puissiez d\u00e9couvrir la cuisine locale et ses savoureux plats de poisson et acheter les ingr\u00e9dients d\u00e9sir\u00e9s au supermach\u00e9 et sur les march\u00e9s.<\/li>\n<li>Si vous voulez rencontrer la \u00ab vraie vie \u00bb hors des sentiers battus, ce livre est une aide indispensable.<\/li>\n<\/ul>\n<p>ISBN 978-3-86264-731-6 | <a href=\"mailto:info@editionbelavista.com\">info@editionbelavista.com<\/a><\/p>\n<p>E-Book: 12,99 \u20ac<br \/>\n<a href=\"https:\/\/www.amazon.fr\/Cr%C3%A9ole-pour-tous-linguistique-Cap-Vert-ebook\/dp\/B07D3JY491\/ref=sr_1_1?ie=UTF8&#038;qid=1527591231&#038;sr=8-1&#038;keywords=9783862647316\" rel=\"noopener\" target=\"_blank\">commandez maintenant<\/a><\/div>\n<\/div>\n<p><\/p>","protected":false},"excerpt":{"rendered":"<p>Plus qu\u2018un simple dictionnaire &#8230; Le cr\u00e9ole capverdien est une langue purement famili\u00e8re et essentiellement originaire du Portugais. Au fi &hellip; <a href=\"https:\/\/editionbelavista.com\/fr\/dictionaries\/\" class=\"more-link\">Continue reading <span class=\"screen-reader-text\">Dictionnaires<\/span><\/a><\/p>\n","protected":false},"author":1,"featured_media":0,"parent":0,"menu_order":0,"comment_status":"closed","ping_status":"closed","template":"","meta":{"footnotes":""},"class_list":["post-74","page","type-page","status-publish","hentry"],"_links":{"self":[{"href":"https:\/\/editionbelavista.com\/fr\/wp-json\/wp\/v2\/pages\/74","targetHints":{"allow":["GET"]}}],"collection":[{"href":"https:\/\/editionbelavista.com\/fr\/wp-json\/wp\/v2\/pages"}],"about":[{"href":"https:\/\/editionbelavista.com\/fr\/wp-json\/wp\/v2\/types\/page"}],"author":[{"embeddable":true,"href":"https:\/\/editionbelavista.com\/fr\/wp-json\/wp\/v2\/users\/1"}],"replies":[{"embeddable":true,"href":"https:\/\/editionbelavista.com\/fr\/wp-json\/wp\/v2\/comments?post=74"}],"version-history":[{"count":14,"href":"https:\/\/editionbelavista.com\/fr\/wp-json\/wp\/v2\/pages\/74\/revisions"}],"predecessor-version":[{"id":274,"href":"https:\/\/editionbelavista.com\/fr\/wp-json\/wp\/v2\/pages\/74\/revisions\/274"}],"wp:attachment":[{"href":"https:\/\/editionbelavista.com\/fr\/wp-json\/wp\/v2\/media?parent=74"}],"curies":[{"name":"wp","href":"https:\/\/api.w.org\/{rel}","templated":true}]}}