{"id":224,"date":"2018-05-22T14:52:30","date_gmt":"2018-05-22T14:52:30","guid":{"rendered":"https:\/\/editionbelavista.com\/?page_id=224"},"modified":"2018-05-28T12:21:45","modified_gmt":"2018-05-28T12:21:45","slug":"the-authors","status":"publish","type":"page","link":"https:\/\/editionbelavista.com\/pt\/the-authors\/","title":{"rendered":"Os Autores"},"content":{"rendered":"<p><img loading=\"lazy\" decoding=\"async\" src=\"https:\/\/editionbelavista.com\/wp-content\/uploads\/2018\/05\/Autorenfoto_Anabela_Jorge_3877-Kopie.jpg\" alt=\"\" width=\"600\" height=\"400\" \/><\/p>\n<p><b>Anabela Valente<\/b> abandonou uma carreira promissora no mundo da propriedade intelectual para se dedicar \u00e0 sua paix\u00e3o pelas viagens. \u00c9 co-fundadora da revista de viagens diariesof, cujo lema \u00e9 inspirar o leitor a viajar e a descobrir o mundo. Viajou extensivamente pelas ilhas de Cabo Verde, o seu destino de prefer\u00ean- cia, sobre o qual escreveu v\u00e1rios livros.<\/p>\n<p><b>Jorge Valente<\/b> \u00e9 um fot\u00f3grafo de viagens com experi\u00eancia em design gr\u00e1fico. \u00c9 por natureza curioso e sacia a sua vontade de conhecer o mundo ao viajar. Depois de uma longa viagem, fundou com a Anabela, sua parceira, a revista de viagens diariesof. \u00c9 com satisfa\u00e7\u00e3o que partilha a paix\u00e3o que sente por este arquip\u00e9lago. <\/p>\n<p>Siga-os em <a href=\"http:\/\/www.diariesofmagazine.com\" rel=\"noopener\" target=\"_blank\">www.diariesofmagazine.com<\/a>.<\/p>","protected":false},"excerpt":{"rendered":"<p>Anabela Valente abandonou uma carreira promissora no mundo da propriedade intelectual para se dedicar \u00e0 sua paix\u00e3o pelas viagens. \u00c9 &hellip; <a href=\"https:\/\/editionbelavista.com\/pt\/the-authors\/\" class=\"more-link\">Continue reading <span class=\"screen-reader-text\">Os Autores<\/span><\/a><\/p>\n","protected":false},"author":1,"featured_media":0,"parent":0,"menu_order":0,"comment_status":"closed","ping_status":"closed","template":"","meta":{"footnotes":""},"class_list":["post-224","page","type-page","status-publish","hentry"],"_links":{"self":[{"href":"https:\/\/editionbelavista.com\/pt\/wp-json\/wp\/v2\/pages\/224","targetHints":{"allow":["GET"]}}],"collection":[{"href":"https:\/\/editionbelavista.com\/pt\/wp-json\/wp\/v2\/pages"}],"about":[{"href":"https:\/\/editionbelavista.com\/pt\/wp-json\/wp\/v2\/types\/page"}],"author":[{"embeddable":true,"href":"https:\/\/editionbelavista.com\/pt\/wp-json\/wp\/v2\/users\/1"}],"replies":[{"embeddable":true,"href":"https:\/\/editionbelavista.com\/pt\/wp-json\/wp\/v2\/comments?post=224"}],"version-history":[{"count":6,"href":"https:\/\/editionbelavista.com\/pt\/wp-json\/wp\/v2\/pages\/224\/revisions"}],"predecessor-version":[{"id":237,"href":"https:\/\/editionbelavista.com\/pt\/wp-json\/wp\/v2\/pages\/224\/revisions\/237"}],"wp:attachment":[{"href":"https:\/\/editionbelavista.com\/pt\/wp-json\/wp\/v2\/media?parent=224"}],"curies":[{"name":"wp","href":"https:\/\/api.w.org\/{rel}","templated":true}]}}