{"id":35,"date":"2018-05-16T07:59:18","date_gmt":"2018-05-16T07:59:18","guid":{"rendered":"https:\/\/editionbelavista.com\/?page_id=35"},"modified":"2018-06-11T09:06:20","modified_gmt":"2018-06-11T09:06:20","slug":"sal","status":"publish","type":"page","link":"https:\/\/editionbelavista.com\/pt\/sample-page\/sal\/","title":{"rendered":"Sal"},"content":{"rendered":"<p><img decoding=\"async\" class=\"image-cover\" src=\"https:\/\/editionbelavista.com\/wp-content\/uploads\/2018\/05\/sal_por.jpg\" alt=\"\" \/><\/p>\n<div class=\"textarea-book\">\n<strong>Cabo Verde<\/strong><\/p>\n<h3>Sal<\/h3>\n<h4><strong>A ilha dos amantes do sol<\/strong><\/h4>\n<p><\/br><\/p>\n<p>Autores: <a href=\"https:\/\/editionbelavista.com\/the-authors\/\">Anabela Valente &amp; Jorge Valente<\/a><br \/>\nlivro de bolso, 15 x 21 cm,\u00a0128 lado,\u00a0ISBN:\u00a0978-3-86264-727-9<\/p>\n<p>Print\u00a0: 16,42 Euro<br \/>\nE-Book: 12,99 Euro<br \/>\n<a href=\"https:\/\/www.amazon.es\/Cabo-Verde-ilha-ondas-banhos\/dp\/3862647277\/ref=sr_1_1?s=foreign-books&#038;ie=UTF8&#038;qid=1527592019&#038;sr=1-1&#038;keywords=9783862647279\" target=\"_blank\" rel=\"noopener\"> encomendar agora<\/a><\/p>\n<\/div>\n<div class=\"textarea-book\">\n<ul>\n<li>Absorva a vida das ruas de Santa Maria e do pont\u00e3o cheio de pescadores e peixeiras que a\u00ed vendem o seu peixe fresco<\/li>\n<li>Navegue num veleiro ao longo da costa da ilha, aprecie as vistas da cidade e encontre baleias e golfinhos<\/li>\n<li>Apanhe banhos de sol numa das muitas praias de areia da ilha e passeie a cavalo na Ponta do Sin\u00f3<\/li>\n<li>Desfrute do espet\u00e1culo que os surfistas oferecem na Ponta Preta, a famosa praia conhecida pelas suas ondas perfeitas<\/li>\n<li>Cuide-se com um banho de sal nas salinas da cratera natural da Pedra de Lume e flutue na lagoa<\/li>\n<li>Atreva-se a dizer ol\u00e1 aos tubar\u00f5es a apenas alguns metros de dist\u00e2ncia, com os p\u00e9s dentro de \u00e1gua na Ba\u00eda dos Tubar\u00f5es (Ba\u00eda da Parda)<\/li>\n<li>Junte-se aos kitesurfistas na Costa da Fragata (Kite beach) e aprenda a praticar kitesurf com os campe\u00f5es<\/li>\n<\/ul>\n<p><em>In this book&#8230;<\/em><\/p>\n<p><strong>11 ideias<\/strong> para umas f\u00e9rias activas<\/p>\n<p><strong>110 fotos<\/strong> que lhe dar\u00e3o vontade de viajar pela ilha<\/p>\n<p><strong>128 p\u00e1ginas<\/strong> de experi\u00eancias e encontros \u00fanicos<\/p>\n<p>O seu guia de experi\u00eancias de viagem\n<\/p><\/div>\n<p><\/p>","protected":false},"excerpt":{"rendered":"<p>Cabo Verde Sal A ilha dos amantes do sol Autores: Anabela Valente &amp; Jorge Valente livro de bolso, 15 x &hellip; <a href=\"https:\/\/editionbelavista.com\/pt\/sample-page\/sal\/\" class=\"more-link\">Continue reading <span class=\"screen-reader-text\">Sal<\/span><\/a><\/p>\n","protected":false},"author":1,"featured_media":0,"parent":2,"menu_order":1,"comment_status":"closed","ping_status":"closed","template":"","meta":{"footnotes":""},"class_list":["post-35","page","type-page","status-publish","hentry"],"_links":{"self":[{"href":"https:\/\/editionbelavista.com\/pt\/wp-json\/wp\/v2\/pages\/35","targetHints":{"allow":["GET"]}}],"collection":[{"href":"https:\/\/editionbelavista.com\/pt\/wp-json\/wp\/v2\/pages"}],"about":[{"href":"https:\/\/editionbelavista.com\/pt\/wp-json\/wp\/v2\/types\/page"}],"author":[{"embeddable":true,"href":"https:\/\/editionbelavista.com\/pt\/wp-json\/wp\/v2\/users\/1"}],"replies":[{"embeddable":true,"href":"https:\/\/editionbelavista.com\/pt\/wp-json\/wp\/v2\/comments?post=35"}],"version-history":[{"count":48,"href":"https:\/\/editionbelavista.com\/pt\/wp-json\/wp\/v2\/pages\/35\/revisions"}],"predecessor-version":[{"id":283,"href":"https:\/\/editionbelavista.com\/pt\/wp-json\/wp\/v2\/pages\/35\/revisions\/283"}],"up":[{"embeddable":true,"href":"https:\/\/editionbelavista.com\/pt\/wp-json\/wp\/v2\/pages\/2"}],"wp:attachment":[{"href":"https:\/\/editionbelavista.com\/pt\/wp-json\/wp\/v2\/media?parent=35"}],"curies":[{"name":"wp","href":"https:\/\/api.w.org\/{rel}","templated":true}]}}