{"id":37,"date":"2018-05-16T07:59:36","date_gmt":"2018-05-16T07:59:36","guid":{"rendered":"https:\/\/editionbelavista.com\/?page_id=37"},"modified":"2018-06-11T09:07:39","modified_gmt":"2018-06-11T09:07:39","slug":"boa-vista","status":"publish","type":"page","link":"https:\/\/editionbelavista.com\/pt\/sample-page\/boa-vista\/","title":{"rendered":"Boa Vista"},"content":{"rendered":"<p><img decoding=\"async\" class=\"image-cover\" src=\"https:\/\/editionbelavista.com\/wp-content\/uploads\/2018\/05\/boa_vista_por.jpg\" alt=\"\" \/><\/p>\n<div class=\"textarea-book\">\n<strong>Cabo Verde<\/strong><\/p>\n<h3>Boa Vista<\/h3>\n<h4><strong>Uma ilha de praias e dunas<\/strong><\/h4>\n<p><\/br><\/p>\n<p>Autores: <a href=\"https:\/\/editionbelavista.com\/the-authors\/\">Anabela Valente &amp; Jorge Valente<\/a><br \/>\nlivro de bolso, 15 x 21 cm,\u00a0128 lado,\u00a0ISBN:\u00a0978-3-86264-728-6<\/p>\n<p>Print\u00a0: 16,42 Euro<br \/>\nE-Book: 12,99 Euro<br \/>\n<a href=\"https:\/\/www.amazon.es\/Cabo-Verde-para%C3%ADso-caminhantes-natureza\/dp\/3862647250\/ref=sr_1_1?s=foreign-books&#038;ie=UTF8&#038;qid=1527592143&#038;sr=1-1&#038;keywords=9783862647255\" target=\"_blank\" rel=\"noopener\"> encomendar agora<\/a><\/p>\n<\/div>\n<div class=\"textarea-book\">\n<ul>\n<li>Absorva a vida da cidade de Sal Rei e aprecie um dos muitos restaurantes com especialidades de marisco<\/li>\n<li>Tire um dia para saborear a encantadora Praia do Estoril e junte-se aos praticantes de desportos n\u00e1uticos (windsurfe e kitesurfe)<\/li>\n<li>Passeie ao p\u00f4r-do-sol pelo deserto de Viana, visite a tranquila vila de Rabil e aprenda a arte da cer\u00e2mica local<\/li>\n<li>Junte-se \u00e0 ONG local que protege a vida selvagem para ver as tartarugas a desovar na Ponta de Ervat\u00e3o<\/li>\n<li>Assista ao excepcional p\u00f4r-do-sol no alto das dunas de Morro de Areia \u2022 Passe um dia na praia de Santa M\u00f3nica (tamb\u00e9m conhecida como Curralinho), a praia deserta mais bonita da ilha<\/li>\n<li>Visite a aldeia piscat\u00f3ria abandonada de Curral Velho e a remota Povoa\u00e7\u00e3o Velha para descobrir a aut\u00eantica vida das aldeias<\/li>\n<\/ul>\n<p><em>Neste livro&#8230;<\/em><\/p>\n<p><strong>11 ideias<\/strong> para umas f\u00e9rias activas<\/p>\n<p><strong>118 fotos<\/strong> que lhe dar\u00e3o vontade de viajar pela ilha<\/p>\n<p><strong>128 p\u00e1ginas<\/strong> de experi\u00eancias e encontros \u00fanicos<\/p>\n<p>O seu guia de experi\u00eancias de viagem\n<\/p><\/div>\n<p><\/p>","protected":false},"excerpt":{"rendered":"<p>Cabo Verde Boa Vista Uma ilha de praias e dunas Autores: Anabela Valente &amp; Jorge Valente livro de bolso, 15 &hellip; <a href=\"https:\/\/editionbelavista.com\/pt\/sample-page\/boa-vista\/\" class=\"more-link\">Continue reading <span class=\"screen-reader-text\">Boa Vista<\/span><\/a><\/p>\n","protected":false},"author":1,"featured_media":0,"parent":2,"menu_order":4,"comment_status":"closed","ping_status":"closed","template":"","meta":{"footnotes":""},"class_list":["post-37","page","type-page","status-publish","hentry"],"_links":{"self":[{"href":"https:\/\/editionbelavista.com\/pt\/wp-json\/wp\/v2\/pages\/37","targetHints":{"allow":["GET"]}}],"collection":[{"href":"https:\/\/editionbelavista.com\/pt\/wp-json\/wp\/v2\/pages"}],"about":[{"href":"https:\/\/editionbelavista.com\/pt\/wp-json\/wp\/v2\/types\/page"}],"author":[{"embeddable":true,"href":"https:\/\/editionbelavista.com\/pt\/wp-json\/wp\/v2\/users\/1"}],"replies":[{"embeddable":true,"href":"https:\/\/editionbelavista.com\/pt\/wp-json\/wp\/v2\/comments?post=37"}],"version-history":[{"count":12,"href":"https:\/\/editionbelavista.com\/pt\/wp-json\/wp\/v2\/pages\/37\/revisions"}],"predecessor-version":[{"id":285,"href":"https:\/\/editionbelavista.com\/pt\/wp-json\/wp\/v2\/pages\/37\/revisions\/285"}],"up":[{"embeddable":true,"href":"https:\/\/editionbelavista.com\/pt\/wp-json\/wp\/v2\/pages\/2"}],"wp:attachment":[{"href":"https:\/\/editionbelavista.com\/pt\/wp-json\/wp\/v2\/media?parent=37"}],"curies":[{"name":"wp","href":"https:\/\/api.w.org\/{rel}","templated":true}]}}