{"id":39,"date":"2018-05-16T08:00:01","date_gmt":"2018-05-16T08:00:01","guid":{"rendered":"https:\/\/editionbelavista.com\/?page_id=39"},"modified":"2018-06-11T09:05:57","modified_gmt":"2018-06-11T09:05:57","slug":"sao-vicente","status":"publish","type":"page","link":"https:\/\/editionbelavista.com\/pt\/sample-page\/sao-vicente\/","title":{"rendered":"S\u00e3o Vicente"},"content":{"rendered":"<p><img decoding=\"async\" class=\"image-cover\" src=\"https:\/\/editionbelavista.com\/wp-content\/uploads\/2018\/05\/sao_vicente_port.jpg\" alt=\"\" \/><\/p>\n<div class=\"textarea-book\">\n<strong>Cabo Verde<\/strong><\/p>\n<h3>S\u00e3o Vicente<\/h3>\n<h4><strong>Mindelo \u2013 capital da cultura<\/strong><\/h4>\n<p>Autores: <a href=\"https:\/\/editionbelavista.com\/the-authors\/\">Anabela Valente &amp; Jorge Valente<\/a><br \/>\nlivro de bolso, 15 x 21 cm,\u00a0128 lado,\u00a0ISBN:\u00a0978-3-86264-726-2<\/p>\n<p>Print\u00a0: 16,42 Euro<br \/>\nE-Book: 12,99 Euro<br \/>\n<a href=\"https:\/\/www.amazon.es\/Cabo-Verde-Vicente-cultura-cabo-verdiana\/dp\/3862647269\/ref=sr_1_1?ie=UTF8&#038;qid=1527591720&#038;sr=8-1&#038;keywords=9783862647262\" target=\"_blank\" rel=\"noopener\"> encomendar agora<\/a><\/p>\n<\/div>\n<div class=\"textarea-book\">\n<ul>\n<li>Viva a noite bo\u00e9mia com um grogue nos antigos caf\u00e9s da Rua Lisboa ou nos bares com m\u00fasica ao vivo da Laginha<\/li>\n<li>Absorva a vida da cidade nas ruas calcetadas de Mindelo e visite os v\u00e1rios mercados de peixe, frutas e legumes<\/li>\n<li>Suba ao ex-libris da ilha, o Monte Cara, melhor apreciado da marina ao p\u00f4r-do-sol<\/li>\n<li>Saboreie a encantadora praia de S\u00e3o Pedro e sinta a velocidade do windsurf praticado na ba\u00eda<\/li>\n<li>Explore a paisagem lunar e os vulc\u00f5es dormentes e termine o dia na Palha Carga, uma das praias desertas da ilha<\/li>\n<li>Suba at\u00e9 \u00e0 cratera bem conservada do vulc\u00e3o Viana para absorver as incr\u00edveis vistas do lugar<\/li>\n<li>Mergulhe na piscina natural de Calhau e desfrute do almo\u00e7o num dos restaurantes da pequena aldeia de pescadores, situada no sop\u00e9 de dois vulc\u00f5es extintos<\/li>\n<\/ul>\n<p><em>Neste livro&#8230;<\/em><\/p>\n<p><strong>11 ideias<\/strong> para umas f\u00e9rias activas<\/p>\n<p><strong>109 fotos<\/strong> que lhe dar\u00e3o vontade de viajar pela ilha<\/p>\n<p><strong>128 p\u00e1ginas<\/strong> de experi\u00eancias e encontros \u00fanicos<\/p>\n<p>O seu guia de experi\u00eancias de viagem<\/p>\n<\/div>\n<p><\/p>","protected":false},"excerpt":{"rendered":"<p>Cabo Verde S\u00e3o Vicente Mindelo \u2013 capital da cultura Autores: Anabela Valente &amp; Jorge Valente livro de bolso, 15 x &hellip; <a href=\"https:\/\/editionbelavista.com\/pt\/sample-page\/sao-vicente\/\" class=\"more-link\">Continue reading <span class=\"screen-reader-text\">S\u00e3o Vicente<\/span><\/a><\/p>\n","protected":false},"author":1,"featured_media":0,"parent":2,"menu_order":0,"comment_status":"closed","ping_status":"closed","template":"","meta":{"footnotes":""},"class_list":["post-39","page","type-page","status-publish","hentry"],"_links":{"self":[{"href":"https:\/\/editionbelavista.com\/pt\/wp-json\/wp\/v2\/pages\/39","targetHints":{"allow":["GET"]}}],"collection":[{"href":"https:\/\/editionbelavista.com\/pt\/wp-json\/wp\/v2\/pages"}],"about":[{"href":"https:\/\/editionbelavista.com\/pt\/wp-json\/wp\/v2\/types\/page"}],"author":[{"embeddable":true,"href":"https:\/\/editionbelavista.com\/pt\/wp-json\/wp\/v2\/users\/1"}],"replies":[{"embeddable":true,"href":"https:\/\/editionbelavista.com\/pt\/wp-json\/wp\/v2\/comments?post=39"}],"version-history":[{"count":30,"href":"https:\/\/editionbelavista.com\/pt\/wp-json\/wp\/v2\/pages\/39\/revisions"}],"predecessor-version":[{"id":282,"href":"https:\/\/editionbelavista.com\/pt\/wp-json\/wp\/v2\/pages\/39\/revisions\/282"}],"up":[{"embeddable":true,"href":"https:\/\/editionbelavista.com\/pt\/wp-json\/wp\/v2\/pages\/2"}],"wp:attachment":[{"href":"https:\/\/editionbelavista.com\/pt\/wp-json\/wp\/v2\/media?parent=39"}],"curies":[{"name":"wp","href":"https:\/\/api.w.org\/{rel}","templated":true}]}}