{"id":41,"date":"2018-05-16T08:00:29","date_gmt":"2018-05-16T08:00:29","guid":{"rendered":"https:\/\/editionbelavista.com\/?page_id=41"},"modified":"2018-06-11T09:06:59","modified_gmt":"2018-06-11T09:06:59","slug":"santo-antao","status":"publish","type":"page","link":"https:\/\/editionbelavista.com\/pt\/sample-page\/santo-antao\/","title":{"rendered":"Santo Ant\u00e3o"},"content":{"rendered":"<p><img decoding=\"async\" class=\"image-cover\" src=\"https:\/\/editionbelavista.com\/wp-content\/uploads\/2018\/05\/santo_antao_port.jpg\" alt=\"\" \/><\/p>\n<div class=\"textarea-book\">\n<strong>Cabo Verde<\/strong><\/p>\n<h3>Santo Ant\u00e3o<\/h3>\n<h4><strong>Para\u00edso para caminhantes<\/strong><\/h4>\n<p><\/br><\/p>\n<p>Autores: <a href=\"https:\/\/editionbelavista.com\/the-authors\/\">Anabela Valente &amp; Jorge Valente<\/a><br \/>\nlivro de bolso, 15 x 21 cm,\u00a0128 lado,\u00a0ISBN:\u00a0978-3-86264-725-5<\/p>\n<p>Print\u00a0: 16,42 Euro<br \/>\nE-Book: 12,99 Euro<br \/>\n<a href=\"https:\/\/www.amazon.es\/Cabo-Verde-para%C3%ADso-caminhantes-natureza\/dp\/3862647250\/ref=sr_1_1?s=foreign-books&#038;ie=UTF8&#038;qid=1527592143&#038;sr=1-1&#038;keywords=9783862647255\" target=\"_blank\" rel=\"noopener\"> encomendar agora<\/a><\/p>\n<\/div>\n<div class=\"textarea-book\">\n<ul>\n<li>Comemore as festas populares de S\u00e3o Jo\u00e3o em Porto Novo, aprenda a dan\u00e7ar o col\u00e1-sanjon e assista \u00e0s corridas de cavalos<\/li>\n<li>Apanhe uma boleia a caminho da velha estrada da Corda e des\u00e7a a Cova pelos trilhos do vale de Pa\u00fal<\/li>\n<li>Explore as ribeiras de maneira \u00fanica, descendo-as de p\u00e9s molhados at\u00e9 \u00e0 Praia de Gi<\/li>\n<li>Beba um grogue e visite um trapiche tradicional em Pombas para aprender a preparar a bebida nacional<\/li>\n<li>Percorra a estrada costeira de Porto Novo at\u00e9 Ribeira Grande e visite o antigo farol<\/li>\n<li>Passeie pela magn\u00edfica vila de Ponta do Sol e assista ao p\u00f4r do sol a partir do pequeno porto Boca da Pistola<\/li>\n<li>Caminhe o trilho at\u00e9 Fontainhas e absorva as vistas da aldeia, consideradas entre as melhores do mundo<\/li>\n<\/ul>\n<p><em>Neste livro&#8230;<\/em><\/p>\n<p><strong>11 ideias<\/strong> para umas f\u00e9rias activas<\/p>\n<p><strong>119 fotos<\/strong> que lhe dar\u00e3o vontade de viajar pela ilha<\/p>\n<p><strong>128 p\u00e1ginas<\/strong>de experi\u00eancias e encontros \u00fanicos<\/p>\n<p>O seu guia de experi\u00eancias de viagem\n<\/p><\/div>\n<p><\/p>","protected":false},"excerpt":{"rendered":"<p>Cabo Verde Santo Ant\u00e3o Para\u00edso para caminhantes Autores: Anabela Valente &amp; Jorge Valente livro de bolso, 15 x 21 cm,\u00a0128 &hellip; <a href=\"https:\/\/editionbelavista.com\/pt\/sample-page\/santo-antao\/\" class=\"more-link\">Continue reading <span class=\"screen-reader-text\">Santo Ant\u00e3o<\/span><\/a><\/p>\n","protected":false},"author":1,"featured_media":0,"parent":2,"menu_order":2,"comment_status":"closed","ping_status":"closed","template":"","meta":{"footnotes":""},"class_list":["post-41","page","type-page","status-publish","hentry"],"_links":{"self":[{"href":"https:\/\/editionbelavista.com\/pt\/wp-json\/wp\/v2\/pages\/41","targetHints":{"allow":["GET"]}}],"collection":[{"href":"https:\/\/editionbelavista.com\/pt\/wp-json\/wp\/v2\/pages"}],"about":[{"href":"https:\/\/editionbelavista.com\/pt\/wp-json\/wp\/v2\/types\/page"}],"author":[{"embeddable":true,"href":"https:\/\/editionbelavista.com\/pt\/wp-json\/wp\/v2\/users\/1"}],"replies":[{"embeddable":true,"href":"https:\/\/editionbelavista.com\/pt\/wp-json\/wp\/v2\/comments?post=41"}],"version-history":[{"count":14,"href":"https:\/\/editionbelavista.com\/pt\/wp-json\/wp\/v2\/pages\/41\/revisions"}],"predecessor-version":[{"id":284,"href":"https:\/\/editionbelavista.com\/pt\/wp-json\/wp\/v2\/pages\/41\/revisions\/284"}],"up":[{"embeddable":true,"href":"https:\/\/editionbelavista.com\/pt\/wp-json\/wp\/v2\/pages\/2"}],"wp:attachment":[{"href":"https:\/\/editionbelavista.com\/pt\/wp-json\/wp\/v2\/media?parent=41"}],"curies":[{"name":"wp","href":"https:\/\/api.w.org\/{rel}","templated":true}]}}